{"id":72,"date":"2025-10-03T12:12:46","date_gmt":"2025-10-03T10:12:46","guid":{"rendered":"https:\/\/blog.erlebnis-frankfurt.de\/?page_id=72"},"modified":"2025-10-08T07:19:46","modified_gmt":"2025-10-08T05:19:46","slug":"frankfurts-kultur","status":"publish","type":"page","link":"https:\/\/www.erlebnis-frankfurt.de\/blog\/frankfurts-kultur\/","title":{"rendered":"Frankfurts Kultur"},"content":{"rendered":"<ul class=\"wp-block-latest-posts__list has-dates alignleft wp-block-latest-posts\"><li><div class=\"wp-block-latest-posts__featured-image alignleft\"><a href=\"https:\/\/www.erlebnis-frankfurt.de\/blog\/ein-besuch-im-struwwelpeter-museum\/\" aria-label=\"Ein Besuch im Struwwelpeter-Museum\"><img loading=\"lazy\" decoding=\"async\" width=\"150\" height=\"150\" src=\"https:\/\/www.erlebnis-frankfurt.de\/blog\/wp-content\/uploads\/2025\/11\/struwwelpetermuseum-e1762626587303-150x150.jpg\" class=\"attachment-thumbnail size-thumbnail wp-post-image\" alt=\"Struwwelpeter Museum\" style=\"\" \/><\/a><\/div><a class=\"wp-block-latest-posts__post-title\" href=\"https:\/\/www.erlebnis-frankfurt.de\/blog\/ein-besuch-im-struwwelpeter-museum\/\">Ein Besuch im Struwwelpeter-Museum<\/a><time datetime=\"2025-11-14T08:05:00+01:00\" class=\"wp-block-latest-posts__post-date\">14. November 2025<\/time><div class=\"wp-block-latest-posts__post-excerpt\">Frankfurts literarischer Zeitreise-Klassiker Wenn man an Frankfurt denkt, kommen einem zuerst die Skyline, Apfelwein-Kneipen und historische Altstadtgassen in den Sinn. Doch mitten in der Stadt wartet ein ganz besonderer Schatz auf Besucher \u2013 das Struwwelpeter-Museum. Und bevor wir\u2026\u00a0<a class=\"wp-block-latest-posts__read-more\" href=\"https:\/\/www.erlebnis-frankfurt.de\/blog\/ein-besuch-im-struwwelpeter-museum\/\" rel=\"noopener noreferrer\"><span class=\"screen-reader-text\">Ein Besuch im Struwwelpeter-Museum <\/span>weiterlesen<\/a><\/div><\/li>\n<li><div class=\"wp-block-latest-posts__featured-image alignleft\"><a href=\"https:\/\/www.erlebnis-frankfurt.de\/blog\/eine-neue-kulturmeile-entsteht\/\" aria-label=\"Eine neue Kulturmeile entsteht\"><img loading=\"lazy\" decoding=\"async\" width=\"150\" height=\"150\" src=\"https:\/\/www.erlebnis-frankfurt.de\/blog\/wp-content\/uploads\/2025\/10\/oper-frankfurt-scaled-e1759918151573-150x150.jpg\" class=\"attachment-thumbnail size-thumbnail wp-post-image\" alt=\"Oper Frankfurt\" style=\"\" \/><\/a><\/div><a class=\"wp-block-latest-posts__post-title\" href=\"https:\/\/www.erlebnis-frankfurt.de\/blog\/eine-neue-kulturmeile-entsteht\/\">Eine neue Kulturmeile entsteht<\/a><time datetime=\"2025-09-04T12:10:36+02:00\" class=\"wp-block-latest-posts__post-date\">4. September 2025<\/time><div class=\"wp-block-latest-posts__post-excerpt\">Erste Schritte und Planungsphase: Wie alles anfing Schon seit Jahren steht fest: Die Theaterdoppelanlage am Willy-Brandt-Platz (Oper + Schauspiel) ist nicht mehr in einem Zustand, der den Anforderungen der Gegenwart gen\u00fcgt. Die technische Ausstattung, die Probenr\u00e4ume, die B\u00fchneninfrastruktur\u2026\u00a0<a class=\"wp-block-latest-posts__read-more\" href=\"https:\/\/www.erlebnis-frankfurt.de\/blog\/eine-neue-kulturmeile-entsteht\/\" rel=\"noopener noreferrer\"><span class=\"screen-reader-text\">Eine neue Kulturmeile entsteht <\/span>weiterlesen<\/a><\/div><\/li>\n<li><div class=\"wp-block-latest-posts__featured-image alignleft\"><a href=\"https:\/\/www.erlebnis-frankfurt.de\/blog\/frankfurter-museumsuferfest-kultur-und-kulinarik-am-main\/\" aria-label=\"Frankfurter Museumsuferfest \u2013 Kultur und Kulinarik am Main\"><img loading=\"lazy\" decoding=\"async\" width=\"150\" height=\"150\" src=\"https:\/\/www.erlebnis-frankfurt.de\/blog\/wp-content\/uploads\/2025\/10\/muf_25-scaled-e1759461382609-150x150.jpeg\" class=\"attachment-thumbnail size-thumbnail wp-post-image\" alt=\"\" style=\"\" \/><\/a><\/div><a class=\"wp-block-latest-posts__post-title\" href=\"https:\/\/www.erlebnis-frankfurt.de\/blog\/frankfurter-museumsuferfest-kultur-und-kulinarik-am-main\/\">Frankfurter Museumsuferfest \u2013 Kultur und Kulinarik am Main<\/a><time datetime=\"2025-08-29T11:31:34+02:00\" class=\"wp-block-latest-posts__post-date\">29. August 2025<\/time><div class=\"wp-block-latest-posts__post-excerpt\">Wenn Ende August der Main in Frankfurt zum Zentrum der Kultur, Kulinarik und puren Lebensfreude wird, wei\u00df ich: Das Museumsuferfest steht vor der T\u00fcr. F\u00fcr mich ist es jedes Jahr ein kleines Highlight \u2013 ein Wochenende, das die\u2026\u00a0<a class=\"wp-block-latest-posts__read-more\" href=\"https:\/\/www.erlebnis-frankfurt.de\/blog\/frankfurter-museumsuferfest-kultur-und-kulinarik-am-main\/\" rel=\"noopener noreferrer\"><span class=\"screen-reader-text\">Frankfurter Museumsuferfest \u2013 Kultur und Kulinarik am Main <\/span>weiterlesen<\/a><\/div><\/li>\n<\/ul>","protected":false},"excerpt":{"rendered":"","protected":false},"author":1,"featured_media":0,"parent":0,"menu_order":0,"comment_status":"closed","ping_status":"closed","template":"","meta":{"footnotes":""},"class_list":["post-72","page","type-page","status-publish","hentry"],"_links":{"self":[{"href":"https:\/\/www.erlebnis-frankfurt.de\/blog\/wp-json\/wp\/v2\/pages\/72","targetHints":{"allow":["GET"]}}],"collection":[{"href":"https:\/\/www.erlebnis-frankfurt.de\/blog\/wp-json\/wp\/v2\/pages"}],"about":[{"href":"https:\/\/www.erlebnis-frankfurt.de\/blog\/wp-json\/wp\/v2\/types\/page"}],"author":[{"embeddable":true,"href":"https:\/\/www.erlebnis-frankfurt.de\/blog\/wp-json\/wp\/v2\/users\/1"}],"replies":[{"embeddable":true,"href":"https:\/\/www.erlebnis-frankfurt.de\/blog\/wp-json\/wp\/v2\/comments?post=72"}],"version-history":[{"count":5,"href":"https:\/\/www.erlebnis-frankfurt.de\/blog\/wp-json\/wp\/v2\/pages\/72\/revisions"}],"predecessor-version":[{"id":207,"href":"https:\/\/www.erlebnis-frankfurt.de\/blog\/wp-json\/wp\/v2\/pages\/72\/revisions\/207"}],"wp:attachment":[{"href":"https:\/\/www.erlebnis-frankfurt.de\/blog\/wp-json\/wp\/v2\/media?parent=72"}],"curies":[{"name":"wp","href":"https:\/\/api.w.org\/{rel}","templated":true}]}}