{"id":230,"date":"2025-10-08T16:14:59","date_gmt":"2025-10-08T14:14:59","guid":{"rendered":"https:\/\/www.erlebnis-frankfurt.de\/blog\/?page_id=230"},"modified":"2025-10-08T18:07:10","modified_gmt":"2025-10-08T16:07:10","slug":"frankfurts-skyline","status":"publish","type":"page","link":"https:\/\/www.erlebnis-frankfurt.de\/blog\/frankfurts-bauwerke\/frankfurts-skyline\/","title":{"rendered":"Frankfurts Skyline"},"content":{"rendered":"<ul class=\"wp-block-latest-posts__list has-dates wp-block-latest-posts\"><li><div class=\"wp-block-latest-posts__featured-image alignleft\"><a href=\"https:\/\/www.erlebnis-frankfurt.de\/blog\/hoch-hinaus-ein-besuch-auf-dem-maintower\/\" aria-label=\"Hoch hinaus \u2013 ein Besuch auf dem Maintower\"><img loading=\"lazy\" decoding=\"async\" width=\"150\" height=\"150\" src=\"https:\/\/www.erlebnis-frankfurt.de\/blog\/wp-content\/uploads\/2025\/10\/skyline-01-scaled-e1759933870933-150x150.jpg\" class=\"attachment-thumbnail size-thumbnail wp-post-image\" alt=\"Skyline Frankfurt\" style=\"\" \/><\/a><\/div><a class=\"wp-block-latest-posts__post-title\" href=\"https:\/\/www.erlebnis-frankfurt.de\/blog\/hoch-hinaus-ein-besuch-auf-dem-maintower\/\">Hoch hinaus \u2013 ein Besuch auf dem Maintower<\/a><time datetime=\"2025-07-08T16:15:22+02:00\" class=\"wp-block-latest-posts__post-date\">8. Juli 2025<\/time><div class=\"wp-block-latest-posts__post-excerpt\">Es gibt Orte in Frankfurt, die man einfach gesehen haben muss \u2013 zu denen geh\u00f6rt sicher auch der Maintower. Jedes Mal, wenn ich mit einer Gruppe durch die Innenstadt laufe und wir zwischen Hochh\u00e4usern und\u2026\u00a0<a class=\"wp-block-latest-posts__read-more\" href=\"https:\/\/www.erlebnis-frankfurt.de\/blog\/hoch-hinaus-ein-besuch-auf-dem-maintower\/\" rel=\"noopener noreferrer\"><span class=\"screen-reader-text\">Hoch hinaus \u2013 ein Besuch auf dem Maintower <\/span>weiterlesen<\/a><\/div><\/li>\n<li><div class=\"wp-block-latest-posts__featured-image alignleft\"><a href=\"https:\/\/www.erlebnis-frankfurt.de\/blog\/der-westhafen-tower\/\" aria-label=\"Der Westhafen Tower\"><img loading=\"lazy\" decoding=\"async\" width=\"150\" height=\"150\" src=\"https:\/\/www.erlebnis-frankfurt.de\/blog\/wp-content\/uploads\/2025\/10\/westhafentower-01-scaled-e1759936629365-150x150.jpg\" class=\"attachment-thumbnail size-thumbnail wp-post-image\" alt=\"Westhafentower\" style=\"\" \/><\/a><\/div><a class=\"wp-block-latest-posts__post-title\" href=\"https:\/\/www.erlebnis-frankfurt.de\/blog\/der-westhafen-tower\/\">Der Westhafen Tower<\/a><time datetime=\"2024-12-12T17:16:20+01:00\" class=\"wp-block-latest-posts__post-date\">12. Dezember 2024<\/time><div class=\"wp-block-latest-posts__post-excerpt\">Wenn ich mit meinen Stadtf\u00fchrungen auf dem Eisernen Steg stehe, kommt fr\u00fcher oder sp\u00e4ter immer der gleiche Moment: Jemand schaut in den Westen, kneift die Augen zusammen und fragt: \u201eDimitri, was ist das denn f\u00fcr\u2026\u00a0<a class=\"wp-block-latest-posts__read-more\" href=\"https:\/\/www.erlebnis-frankfurt.de\/blog\/der-westhafen-tower\/\" rel=\"noopener noreferrer\"><span class=\"screen-reader-text\">Der Westhafen Tower <\/span>weiterlesen<\/a><\/div><\/li>\n<\/ul>","protected":false},"excerpt":{"rendered":"","protected":false},"author":1,"featured_media":0,"parent":218,"menu_order":0,"comment_status":"closed","ping_status":"closed","template":"","meta":{"footnotes":""},"class_list":["post-230","page","type-page","status-publish","hentry"],"_links":{"self":[{"href":"https:\/\/www.erlebnis-frankfurt.de\/blog\/wp-json\/wp\/v2\/pages\/230","targetHints":{"allow":["GET"]}}],"collection":[{"href":"https:\/\/www.erlebnis-frankfurt.de\/blog\/wp-json\/wp\/v2\/pages"}],"about":[{"href":"https:\/\/www.erlebnis-frankfurt.de\/blog\/wp-json\/wp\/v2\/types\/page"}],"author":[{"embeddable":true,"href":"https:\/\/www.erlebnis-frankfurt.de\/blog\/wp-json\/wp\/v2\/users\/1"}],"replies":[{"embeddable":true,"href":"https:\/\/www.erlebnis-frankfurt.de\/blog\/wp-json\/wp\/v2\/comments?post=230"}],"version-history":[{"count":1,"href":"https:\/\/www.erlebnis-frankfurt.de\/blog\/wp-json\/wp\/v2\/pages\/230\/revisions"}],"predecessor-version":[{"id":231,"href":"https:\/\/www.erlebnis-frankfurt.de\/blog\/wp-json\/wp\/v2\/pages\/230\/revisions\/231"}],"up":[{"embeddable":true,"href":"https:\/\/www.erlebnis-frankfurt.de\/blog\/wp-json\/wp\/v2\/pages\/218"}],"wp:attachment":[{"href":"https:\/\/www.erlebnis-frankfurt.de\/blog\/wp-json\/wp\/v2\/media?parent=230"}],"curies":[{"name":"wp","href":"https:\/\/api.w.org\/{rel}","templated":true}]}}