{"id":221,"date":"2025-10-08T12:56:02","date_gmt":"2025-10-08T10:56:02","guid":{"rendered":"https:\/\/www.erlebnis-frankfurt.de\/blog\/?page_id=221"},"modified":"2025-10-08T18:06:16","modified_gmt":"2025-10-08T16:06:16","slug":"frankfurts-bruecken","status":"publish","type":"page","link":"https:\/\/www.erlebnis-frankfurt.de\/blog\/frankfurts-bauwerke\/frankfurts-bruecken\/","title":{"rendered":"Frankfurts Br\u00fccken"},"content":{"rendered":"<ul class=\"wp-block-latest-posts__list has-dates wp-block-latest-posts\"><li><div class=\"wp-block-latest-posts__featured-image alignleft\"><a href=\"https:\/\/www.erlebnis-frankfurt.de\/blog\/der-eiserne-steg-frankfurts-eiserne-verbindung-mit-griechischem-flair\/\" aria-label=\"Der Eiserne Steg \u2013 Frankfurts eiserne Verbindung mit griechischem Flair\"><img loading=\"lazy\" decoding=\"async\" width=\"150\" height=\"150\" src=\"https:\/\/www.erlebnis-frankfurt.de\/blog\/wp-content\/uploads\/2025\/10\/eiserner-steg-01-scaled-e1759756877430-150x150.jpg\" class=\"attachment-thumbnail size-thumbnail wp-post-image\" alt=\"Eiserner Steg\" style=\"\" \/><\/a><\/div><a class=\"wp-block-latest-posts__post-title\" href=\"https:\/\/www.erlebnis-frankfurt.de\/blog\/der-eiserne-steg-frankfurts-eiserne-verbindung-mit-griechischem-flair\/\">Der Eiserne Steg \u2013 Frankfurts eiserne Verbindung mit griechischem Flair<\/a><time datetime=\"2025-10-03T15:05:16+02:00\" class=\"wp-block-latest-posts__post-date\">3. Oktober 2025<\/time><div class=\"wp-block-latest-posts__post-excerpt\">Wenn man durch Frankfurt spaziert, bleibt der Eiserne Steg sofort im Blick \u2013 und oft auch im Herzen. Er ist nicht die gr\u00f6\u00dfte oder \u00e4lteste Br\u00fccke der Stadt, aber er erz\u00e4hlt eine Geschichte, die man\u2026\u00a0<a class=\"wp-block-latest-posts__read-more\" href=\"https:\/\/www.erlebnis-frankfurt.de\/blog\/der-eiserne-steg-frankfurts-eiserne-verbindung-mit-griechischem-flair\/\" rel=\"noopener noreferrer\"><span class=\"screen-reader-text\">Der Eiserne Steg \u2013 Frankfurts eiserne Verbindung mit griechischem Flair <\/span>weiterlesen<\/a><\/div><\/li>\n<li><div class=\"wp-block-latest-posts__featured-image alignleft\"><a href=\"https:\/\/www.erlebnis-frankfurt.de\/blog\/der-holbeinsteg-frankfurts-elegante-haengebruecke-mit-stil\/\" aria-label=\"Der Holbeinsteg \u2013 Frankfurts elegante H\u00e4ngebr\u00fccke mit Stil\"><img loading=\"lazy\" decoding=\"async\" width=\"150\" height=\"150\" src=\"https:\/\/www.erlebnis-frankfurt.de\/blog\/wp-content\/uploads\/2025\/10\/holbeinsteg-2867907-scaled-e1759918279336-150x150.jpg\" class=\"attachment-thumbnail size-thumbnail wp-post-image\" alt=\"\" style=\"\" \/><\/a><\/div><a class=\"wp-block-latest-posts__post-title\" href=\"https:\/\/www.erlebnis-frankfurt.de\/blog\/der-holbeinsteg-frankfurts-elegante-haengebruecke-mit-stil\/\">Der Holbeinsteg \u2013 Frankfurts elegante H\u00e4ngebr\u00fccke mit Stil<\/a><time datetime=\"2025-02-05T15:14:01+01:00\" class=\"wp-block-latest-posts__post-date\">5. Februar 2025<\/time><div class=\"wp-block-latest-posts__post-excerpt\">Wenn ich mit G\u00e4sten durch Frankfurt gehe, ist der Holbeinsteg immer ein Highlight. Seit seiner Er\u00f6ffnung 1990 verbindet er das Museumsufer in Sachsenhausen mit dem Bahnhofsviertel und bietet dabei nicht nur eine praktische \u00dcberquerung des\u2026\u00a0<a class=\"wp-block-latest-posts__read-more\" href=\"https:\/\/www.erlebnis-frankfurt.de\/blog\/der-holbeinsteg-frankfurts-elegante-haengebruecke-mit-stil\/\" rel=\"noopener noreferrer\"><span class=\"screen-reader-text\">Der Holbeinsteg \u2013 Frankfurts elegante H\u00e4ngebr\u00fccke mit Stil <\/span>weiterlesen<\/a><\/div><\/li>\n<\/ul>","protected":false},"excerpt":{"rendered":"","protected":false},"author":1,"featured_media":0,"parent":218,"menu_order":0,"comment_status":"closed","ping_status":"closed","template":"","meta":{"footnotes":""},"class_list":["post-221","page","type-page","status-publish","hentry"],"_links":{"self":[{"href":"https:\/\/www.erlebnis-frankfurt.de\/blog\/wp-json\/wp\/v2\/pages\/221","targetHints":{"allow":["GET"]}}],"collection":[{"href":"https:\/\/www.erlebnis-frankfurt.de\/blog\/wp-json\/wp\/v2\/pages"}],"about":[{"href":"https:\/\/www.erlebnis-frankfurt.de\/blog\/wp-json\/wp\/v2\/types\/page"}],"author":[{"embeddable":true,"href":"https:\/\/www.erlebnis-frankfurt.de\/blog\/wp-json\/wp\/v2\/users\/1"}],"replies":[{"embeddable":true,"href":"https:\/\/www.erlebnis-frankfurt.de\/blog\/wp-json\/wp\/v2\/comments?post=221"}],"version-history":[{"count":1,"href":"https:\/\/www.erlebnis-frankfurt.de\/blog\/wp-json\/wp\/v2\/pages\/221\/revisions"}],"predecessor-version":[{"id":222,"href":"https:\/\/www.erlebnis-frankfurt.de\/blog\/wp-json\/wp\/v2\/pages\/221\/revisions\/222"}],"up":[{"embeddable":true,"href":"https:\/\/www.erlebnis-frankfurt.de\/blog\/wp-json\/wp\/v2\/pages\/218"}],"wp:attachment":[{"href":"https:\/\/www.erlebnis-frankfurt.de\/blog\/wp-json\/wp\/v2\/media?parent=221"}],"curies":[{"name":"wp","href":"https:\/\/api.w.org\/{rel}","templated":true}]}}