{"id":218,"date":"2025-10-08T12:52:44","date_gmt":"2025-10-08T10:52:44","guid":{"rendered":"https:\/\/www.erlebnis-frankfurt.de\/blog\/?page_id=218"},"modified":"2025-10-08T18:05:08","modified_gmt":"2025-10-08T16:05:08","slug":"frankfurts-bauwerke","status":"publish","type":"page","link":"https:\/\/www.erlebnis-frankfurt.de\/blog\/frankfurts-bauwerke\/","title":{"rendered":"Frankfurts Bauwerke"},"content":{"rendered":"<ul class=\"wp-block-latest-posts__list has-dates wp-block-latest-posts\"><li><div class=\"wp-block-latest-posts__featured-image alignleft\"><a href=\"https:\/\/www.erlebnis-frankfurt.de\/blog\/wenn-frankfurt-klingt-das-stadtgelaeut\/\" aria-label=\"Wenn Frankfurt klingt \u2013 Das Stadtgel\u00e4ut\"><img loading=\"lazy\" decoding=\"async\" width=\"150\" height=\"150\" src=\"https:\/\/www.erlebnis-frankfurt.de\/blog\/wp-content\/uploads\/2025\/10\/stadtgelaeut_01-150x150.jpg\" class=\"attachment-thumbnail size-thumbnail wp-post-image\" alt=\"Kirchenglocken\" style=\"\" \/><\/a><\/div><a class=\"wp-block-latest-posts__post-title\" href=\"https:\/\/www.erlebnis-frankfurt.de\/blog\/wenn-frankfurt-klingt-das-stadtgelaeut\/\">Wenn Frankfurt klingt \u2013 Das Stadtgel\u00e4ut<\/a><time datetime=\"2025-11-29T09:24:00+01:00\" class=\"wp-block-latest-posts__post-date\">29. November 2025<\/time><div class=\"wp-block-latest-posts__post-excerpt\">Es gibt Momente in Frankfurt am Main, da steht die Stadt f\u00fcr einen Augenblick still. Kein Autol\u00e4rm, kein Stimmengewirr, nur Klang. Tief, warm, ehrw\u00fcrdig. Dann wei\u00df man: Es ist wieder Zeit f\u00fcr das Gro\u00dfe Stadtgel\u00e4ut\u2026\u00a0<a class=\"wp-block-latest-posts__read-more\" href=\"https:\/\/www.erlebnis-frankfurt.de\/blog\/wenn-frankfurt-klingt-das-stadtgelaeut\/\" rel=\"noopener noreferrer\"><span class=\"screen-reader-text\">Wenn Frankfurt klingt \u2013 Das Stadtgel\u00e4ut <\/span>weiterlesen<\/a><\/div><\/li>\n<li><div class=\"wp-block-latest-posts__featured-image alignleft\"><a href=\"https:\/\/www.erlebnis-frankfurt.de\/blog\/ein-abstecher-in-die-saalgasse\/\" aria-label=\"Ein Abstecher in die Saalgasse\"><img loading=\"lazy\" decoding=\"async\" width=\"150\" height=\"150\" src=\"https:\/\/www.erlebnis-frankfurt.de\/blog\/wp-content\/uploads\/2025\/10\/saalgasse_01-e1760952023138-150x150.jpg\" class=\"attachment-thumbnail size-thumbnail wp-post-image\" alt=\"Saalgasse\" style=\"\" \/><\/a><\/div><a class=\"wp-block-latest-posts__post-title\" href=\"https:\/\/www.erlebnis-frankfurt.de\/blog\/ein-abstecher-in-die-saalgasse\/\">Ein Abstecher in die Saalgasse<\/a><time datetime=\"2025-11-01T09:17:39+01:00\" class=\"wp-block-latest-posts__post-date\">1. November 2025<\/time><div class=\"wp-block-latest-posts__post-excerpt\">Frankfurts vergessener Nachbar der Neuen Altstadt \u201eHier geht\u2019s doch gar nicht in die Neue Altstadt!\u201c \u2013 Diesen Satz h\u00f6re ich bei meinen F\u00fchrungen regelm\u00e4\u00dfig, wenn ich nach dem Historischen Museum und der Alten Nikolaikirche nicht\u2026\u00a0<a class=\"wp-block-latest-posts__read-more\" href=\"https:\/\/www.erlebnis-frankfurt.de\/blog\/ein-abstecher-in-die-saalgasse\/\" rel=\"noopener noreferrer\"><span class=\"screen-reader-text\">Ein Abstecher in die Saalgasse <\/span>weiterlesen<\/a><\/div><\/li>\n<li><div class=\"wp-block-latest-posts__featured-image alignleft\"><a href=\"https:\/\/www.erlebnis-frankfurt.de\/blog\/der-eiserne-steg-frankfurts-eiserne-verbindung-mit-griechischem-flair\/\" aria-label=\"Der Eiserne Steg \u2013 Frankfurts eiserne Verbindung mit griechischem Flair\"><img loading=\"lazy\" decoding=\"async\" width=\"150\" height=\"150\" src=\"https:\/\/www.erlebnis-frankfurt.de\/blog\/wp-content\/uploads\/2025\/10\/eiserner-steg-01-scaled-e1759756877430-150x150.jpg\" class=\"attachment-thumbnail size-thumbnail wp-post-image\" alt=\"Eiserner Steg\" style=\"\" \/><\/a><\/div><a class=\"wp-block-latest-posts__post-title\" href=\"https:\/\/www.erlebnis-frankfurt.de\/blog\/der-eiserne-steg-frankfurts-eiserne-verbindung-mit-griechischem-flair\/\">Der Eiserne Steg \u2013 Frankfurts eiserne Verbindung mit griechischem Flair<\/a><time datetime=\"2025-10-03T15:05:16+02:00\" class=\"wp-block-latest-posts__post-date\">3. Oktober 2025<\/time><div class=\"wp-block-latest-posts__post-excerpt\">Wenn man durch Frankfurt spaziert, bleibt der Eiserne Steg sofort im Blick \u2013 und oft auch im Herzen. Er ist nicht die gr\u00f6\u00dfte oder \u00e4lteste Br\u00fccke der Stadt, aber er erz\u00e4hlt eine Geschichte, die man\u2026\u00a0<a class=\"wp-block-latest-posts__read-more\" href=\"https:\/\/www.erlebnis-frankfurt.de\/blog\/der-eiserne-steg-frankfurts-eiserne-verbindung-mit-griechischem-flair\/\" rel=\"noopener noreferrer\"><span class=\"screen-reader-text\">Der Eiserne Steg \u2013 Frankfurts eiserne Verbindung mit griechischem Flair <\/span>weiterlesen<\/a><\/div><\/li>\n<li><div class=\"wp-block-latest-posts__featured-image alignleft\"><a href=\"https:\/\/www.erlebnis-frankfurt.de\/blog\/hoch-hinaus-ein-besuch-auf-dem-maintower\/\" aria-label=\"Hoch hinaus \u2013 ein Besuch auf dem Maintower\"><img loading=\"lazy\" decoding=\"async\" width=\"150\" height=\"150\" src=\"https:\/\/www.erlebnis-frankfurt.de\/blog\/wp-content\/uploads\/2025\/10\/skyline-01-scaled-e1759933870933-150x150.jpg\" class=\"attachment-thumbnail size-thumbnail wp-post-image\" alt=\"Skyline Frankfurt\" style=\"\" \/><\/a><\/div><a class=\"wp-block-latest-posts__post-title\" href=\"https:\/\/www.erlebnis-frankfurt.de\/blog\/hoch-hinaus-ein-besuch-auf-dem-maintower\/\">Hoch hinaus \u2013 ein Besuch auf dem Maintower<\/a><time datetime=\"2025-07-08T16:15:22+02:00\" class=\"wp-block-latest-posts__post-date\">8. Juli 2025<\/time><div class=\"wp-block-latest-posts__post-excerpt\">Es gibt Orte in Frankfurt, die man einfach gesehen haben muss \u2013 zu denen geh\u00f6rt sicher auch der Maintower. Jedes Mal, wenn ich mit einer Gruppe durch die Innenstadt laufe und wir zwischen Hochh\u00e4usern und\u2026\u00a0<a class=\"wp-block-latest-posts__read-more\" href=\"https:\/\/www.erlebnis-frankfurt.de\/blog\/hoch-hinaus-ein-besuch-auf-dem-maintower\/\" rel=\"noopener noreferrer\"><span class=\"screen-reader-text\">Hoch hinaus \u2013 ein Besuch auf dem Maintower <\/span>weiterlesen<\/a><\/div><\/li>\n<li><div class=\"wp-block-latest-posts__featured-image alignleft\"><a href=\"https:\/\/www.erlebnis-frankfurt.de\/blog\/frankfurter-dom-ein-stueck-filmgeschichte-mitten-in-der-stadt\/\" aria-label=\"Frankfurter Dom \u2013 Geschichte, Kaiserdom und Besuchertipps f\u00fcr Frankfurt\"><img loading=\"lazy\" decoding=\"async\" width=\"150\" height=\"150\" src=\"https:\/\/www.erlebnis-frankfurt.de\/blog\/wp-content\/uploads\/2025\/10\/frankfurter-dom-01-scaled-e1759917986854-150x150.jpg\" class=\"attachment-thumbnail size-thumbnail wp-post-image\" alt=\"Frankfurter Dom Kaiserdom\" style=\"\" \/><\/a><\/div><a class=\"wp-block-latest-posts__post-title\" href=\"https:\/\/www.erlebnis-frankfurt.de\/blog\/frankfurter-dom-ein-stueck-filmgeschichte-mitten-in-der-stadt\/\">Frankfurter Dom \u2013 Geschichte, Kaiserdom und Besuchertipps f\u00fcr Frankfurt<\/a><time datetime=\"2025-06-07T09:21:01+02:00\" class=\"wp-block-latest-posts__post-date\">7. Juni 2025<\/time><div class=\"wp-block-latest-posts__post-excerpt\">Der&nbsp;Dom St. Bartholom\u00e4us&nbsp;\u2013 auch&nbsp;Kaiserdom zu Frankfurt am Main oder Frankfurter Dom, geh\u00f6rt zu den wichtigsten historischen Bauwerken in Frankfurt am Main. Mit seinem markanten roten Sandstein-Turm pr\u00e4gt er seit Jahrhunderten die Skyline der Altstadt \u2013\u2026\u00a0<a class=\"wp-block-latest-posts__read-more\" href=\"https:\/\/www.erlebnis-frankfurt.de\/blog\/frankfurter-dom-ein-stueck-filmgeschichte-mitten-in-der-stadt\/\" rel=\"noopener noreferrer\"><span class=\"screen-reader-text\">Frankfurter Dom \u2013 Geschichte, Kaiserdom und Besuchertipps f\u00fcr Frankfurt <\/span>weiterlesen<\/a><\/div><\/li>\n<\/ul>","protected":false},"excerpt":{"rendered":"","protected":false},"author":1,"featured_media":0,"parent":0,"menu_order":0,"comment_status":"closed","ping_status":"closed","template":"","meta":{"footnotes":""},"class_list":["post-218","page","type-page","status-publish","hentry"],"_links":{"self":[{"href":"https:\/\/www.erlebnis-frankfurt.de\/blog\/wp-json\/wp\/v2\/pages\/218","targetHints":{"allow":["GET"]}}],"collection":[{"href":"https:\/\/www.erlebnis-frankfurt.de\/blog\/wp-json\/wp\/v2\/pages"}],"about":[{"href":"https:\/\/www.erlebnis-frankfurt.de\/blog\/wp-json\/wp\/v2\/types\/page"}],"author":[{"embeddable":true,"href":"https:\/\/www.erlebnis-frankfurt.de\/blog\/wp-json\/wp\/v2\/users\/1"}],"replies":[{"embeddable":true,"href":"https:\/\/www.erlebnis-frankfurt.de\/blog\/wp-json\/wp\/v2\/comments?post=218"}],"version-history":[{"count":2,"href":"https:\/\/www.erlebnis-frankfurt.de\/blog\/wp-json\/wp\/v2\/pages\/218\/revisions"}],"predecessor-version":[{"id":225,"href":"https:\/\/www.erlebnis-frankfurt.de\/blog\/wp-json\/wp\/v2\/pages\/218\/revisions\/225"}],"wp:attachment":[{"href":"https:\/\/www.erlebnis-frankfurt.de\/blog\/wp-json\/wp\/v2\/media?parent=218"}],"curies":[{"name":"wp","href":"https:\/\/api.w.org\/{rel}","templated":true}]}}